{"id":247300,"date":"2025-08-08T11:27:41","date_gmt":"2025-08-08T10:27:41","guid":{"rendered":"https:\/\/www.rambertigroup.com\/?page_id=247300"},"modified":"2026-03-03T12:56:26","modified_gmt":"2026-03-03T11:56:26","slug":"la-teloneria","status":"publish","type":"page","link":"https:\/\/www.rambertigroup.com\/it\/la-teloneria\/","title":{"rendered":"La Teloneria"},"content":{"rendered":"<p>[et_pb_section fb_built=&#8221;1&#8243; custom_padding_last_edited=&#8221;on|tablet&#8221; admin_label=&#8221;Section&#8221; _builder_version=&#8221;4.27.4&#8243; _module_preset=&#8221;default&#8221; background_color=&#8221;gcid-99f95e4b-f990-47bd-838d-b70c327649da&#8221; custom_padding=&#8221;70px||30px||false|false&#8221; custom_padding_tablet=&#8221;30px||30px||false|false&#8221; custom_padding_phone=&#8221;30px||30px||false|false&#8221; custom_css_main_element=&#8221;padding-top:208px!important;&#8221; da_disable_devices=&#8221;off|off|off&#8221; global_colors_info=&#8221;{%22gcid-99f95e4b-f990-47bd-838d-b70c327649da%22:%91%22background_color%22%93}&#8221; custom_css_main_element_last_edited=&#8221;on|tablet&#8221; custom_css_main_element_tablet=&#8221;padding-top:108px!important;&#8221; custom_css_main_element_phone=&#8221;padding-top:108px!important;&#8221; da_is_popup=&#8221;off&#8221; da_exit_intent=&#8221;off&#8221; da_has_close=&#8221;on&#8221; da_alt_close=&#8221;off&#8221; da_dark_close=&#8221;off&#8221; da_not_modal=&#8221;on&#8221; da_is_singular=&#8221;off&#8221; da_with_loader=&#8221;off&#8221; da_has_shadow=&#8221;on&#8221;][et_pb_row column_structure=&#8221;2_3,1_3&#8243; _builder_version=&#8221;4.27.4&#8243; _module_preset=&#8221;default&#8221; width=&#8221;90%&#8221; custom_padding=&#8221;0px||0px||true|false&#8221; global_colors_info=&#8221;{}&#8221;][et_pb_column type=&#8221;2_3&#8243; _builder_version=&#8221;4.27.4&#8243; _module_preset=&#8221;default&#8221; global_colors_info=&#8221;{}&#8221;][et_pb_text _builder_version=&#8221;4.27.4&#8243; _module_preset=&#8221;default&#8221; header_font=&#8221;&#8211;et_global_heading_font|800|||||||&#8221; header_text_align=&#8221;left&#8221; header_text_color=&#8221;gcid-a9d8e14e-2f78-408a-a83c-506939196b52&#8243; header_font_size=&#8221;70px&#8221; width_tablet=&#8221;&#8221; width_phone=&#8221;&#8221; width_last_edited=&#8221;on|phone&#8221; module_alignment=&#8221;right&#8221; custom_margin=&#8221;||0px||false|false&#8221; custom_padding_tablet=&#8221;&#8221; custom_padding_phone=&#8221;|20px|||false|false&#8221; custom_padding_last_edited=&#8221;on|phone&#8221; header_font_size_tablet=&#8221;60px&#8221; header_font_size_phone=&#8221;50px&#8221; header_font_size_last_edited=&#8221;on|phone&#8221; global_colors_info=&#8221;{%22gcid-a9d8e14e-2f78-408a-a83c-506939196b52%22:%91%22header_text_color%22%93}&#8221;]<\/p>\n<h1>teloni &amp; coperture in pvc<\/h1>\n<p>[\/et_pb_text][et_pb_text admin_label=&#8221;Testo&#8221; _builder_version=&#8221;4.27.4&#8243; _module_preset=&#8221;f2290cca-10bb-4b4a-867a-2235bbcdef78&#8243; text_font=&#8221;&#8211;et_global_body_font||||||||&#8221; text_font_size=&#8221;15px&#8221; text_line_height=&#8221;1.8em&#8221; header_text_color=&#8221;gcid-a9d8e14e-2f78-408a-a83c-506939196b52&#8243; header_2_font=&#8221;Lora||||||||&#8221; header_2_text_align=&#8221;center&#8221; header_2_font_size=&#8221;52px&#8221; header_2_line_height=&#8221;1.4em&#8221; header_3_font=&#8221;Raleway|||on|||||&#8221; header_3_text_align=&#8221;center&#8221; header_3_text_color=&#8221;gcid-a9d8e14e-2f78-408a-a83c-506939196b52&#8243; header_3_font_size=&#8221;25px&#8221; header_3_letter_spacing=&#8221;1px&#8221; header_4_font=&#8221;Caveat||on||||||&#8221; header_4_text_align=&#8221;center&#8221; header_4_text_color=&#8221;gcid-1e7bc67e-32e7-4af8-8c9b-bf1608afc50e&#8221; header_4_font_size=&#8221;60px&#8221; header_4_line_height=&#8221;2em&#8221; custom_margin=&#8221;||||false|false&#8221; custom_margin_tablet=&#8221;||||false|false&#8221; custom_margin_phone=&#8221;||||false|false&#8221; custom_margin_last_edited=&#8221;on|phone&#8221; custom_padding=&#8221;20px||||false|false&#8221; text_font_size_tablet=&#8221;18px&#8221; text_font_size_phone=&#8221;16px&#8221; text_font_size_last_edited=&#8221;on|phone&#8221; header_2_font_size_tablet=&#8221;32px&#8221; header_2_font_size_phone=&#8221;20px&#8221; header_2_font_size_last_edited=&#8221;on|desktop&#8221; locked=&#8221;off&#8221; global_colors_info=&#8221;{%22gcid-a9d8e14e-2f78-408a-a83c-506939196b52%22:%91%22header_text_color%22,%22header_3_text_color%22%93,%22gcid-1e7bc67e-32e7-4af8-8c9b-bf1608afc50e%22:%91%22header_4_text_color%22%93}&#8221;]<\/p>\n<p>Con le <strong>soluzioni di teloneria su misura<\/strong> Ramberti Group potrai garantire ai tuoi spazi esterni il giusto livello di protezione senza rinunciare a stile ed efficienza.<\/p>\n<p>[\/et_pb_text][\/et_pb_column][et_pb_column type=&#8221;1_3&#8243; _builder_version=&#8221;4.27.4&#8243; _module_preset=&#8221;default&#8221; global_colors_info=&#8221;{}&#8221;][et_pb_image src=&#8221;https:\/\/www.rambertigroup.com\/wp-content\/uploads\/2024\/12\/la-teloneria-logo.png&#8221; title_text=&#8221;la-teloneria-logo&#8221; _builder_version=&#8221;4.27.4&#8243; _module_preset=&#8221;default&#8221; width=&#8221;80%&#8221; module_alignment=&#8221;center&#8221; custom_padding=&#8221;25px||||false|false&#8221; global_colors_info=&#8221;{}&#8221;][\/et_pb_image][\/et_pb_column][\/et_pb_row][\/et_pb_section][et_pb_section fb_built=&#8221;1&#8243; admin_label=&#8221;Section&#8221; module_id=&#8221;accessoriombrelloni&#8221; _builder_version=&#8221;4.27.4&#8243; _module_preset=&#8221;default&#8221; da_popup_slug=&#8221;accessoriombrelloni&#8221; da_disable_devices=&#8221;off|off|off&#8221; global_colors_info=&#8221;{}&#8221; da_is_popup=&#8221;off&#8221; da_exit_intent=&#8221;off&#8221; da_has_close=&#8221;on&#8221; da_alt_close=&#8221;off&#8221; da_dark_close=&#8221;off&#8221; da_not_modal=&#8221;on&#8221; da_is_singular=&#8221;off&#8221; da_with_loader=&#8221;off&#8221; da_has_shadow=&#8221;on&#8221;][et_pb_row _builder_version=&#8221;4.27.4&#8243; _module_preset=&#8221;default&#8221; width=&#8221;90%&#8221; module_alignment=&#8221;center&#8221; custom_margin=&#8221;||||false|false&#8221; custom_padding=&#8221;0px||||false|false&#8221; global_colors_info=&#8221;{}&#8221;][et_pb_column type=&#8221;4_4&#8243; _builder_version=&#8221;4.27.4&#8243; _module_preset=&#8221;default&#8221; global_colors_info=&#8221;{}&#8221;][et_pb_text _builder_version=&#8221;4.27.4&#8243; _module_preset=&#8221;default&#8221; text_font=&#8221;||||||||&#8221; custom_padding=&#8221;||||false|false&#8221; locked=&#8221;off&#8221; global_colors_info=&#8221;{}&#8221;]<\/p>\n<p>Confezioniamo <strong>pareti finestrate, teloni e coperture in PVC<\/strong> su misura che si adattano perfettamente a gazebo, dehor e aree esterne di <strong>hotel, ristoranti e stabilimenti balneari<\/strong>.<br \/>Ogni prodotto \u00e8 realizzato nel nostro laboratorio con materiali di alta qualit\u00e0 e una cura artigianale che garantisce durabilit\u00e0 e resistenza.<br \/><strong data-start=\"348\" data-end=\"371\">Creiamo teloni su misura <\/strong><span>per proteggere <strong>furgoni, barche o attrezzature da esterno<\/strong>.<\/span><br \/>Le coperture non solo proteggono da vento e intemperie, ma creano anche nuovi ambienti eleganti e funzionali.<br \/>Dimentica soluzioni standard: qui la qualit\u00e0 e il design sono sempre su misura.<\/p>\n<p>[\/et_pb_text][\/et_pb_column][\/et_pb_row][et_pb_row column_structure=&#8221;1_4,1_4,1_4,1_4&#8243; _builder_version=&#8221;4.27.4&#8243; _module_preset=&#8221;default&#8221; width=&#8221;90%&#8221; global_colors_info=&#8221;{}&#8221;][et_pb_column type=&#8221;1_4&#8243; _builder_version=&#8221;4.27.4&#8243; _module_preset=&#8221;default&#8221; global_colors_info=&#8221;{}&#8221;][et_pb_text module_id=&#8221;pedaneecabine&#8221; _builder_version=&#8221;4.27.4&#8243; _module_preset=&#8221;default&#8221; header_font=&#8221;&#8211;et_global_heading_font|600|||||||&#8221; header_text_color=&#8221;gcid-9f00bd79-2ab0-46cb-811b-12b8468679be&#8221; header_font_size=&#8221;40px&#8221; header_2_font=&#8221;&#8211;et_global_heading_font|600|||||||&#8221; header_2_text_align=&#8221;left&#8221; header_2_text_color=&#8221;gcid-9f00bd79-2ab0-46cb-811b-12b8468679be&#8221; header_2_font_size=&#8221;40px&#8221; header_3_font=&#8221;&#8211;et_global_heading_font|600|||||||&#8221; header_3_text_align=&#8221;right&#8221; header_3_text_color=&#8221;gcid-9f00bd79-2ab0-46cb-811b-12b8468679be&#8221; header_3_font_size=&#8221;50px&#8221; header_4_font=&#8221;&#8211;et_global_heading_font|600|||||||&#8221; header_4_text_color=&#8221;gcid-9f00bd79-2ab0-46cb-811b-12b8468679be&#8221; header_4_font_size=&#8221;40px&#8221; header_5_font=&#8221;&#8211;et_global_heading_font|600|||||||&#8221; header_5_text_color=&#8221;gcid-9f00bd79-2ab0-46cb-811b-12b8468679be&#8221; header_5_font_size=&#8221;40px&#8221; header_6_font=&#8221;&#8211;et_global_heading_font|600|||||||&#8221; header_6_text_color=&#8221;gcid-9f00bd79-2ab0-46cb-811b-12b8468679be&#8221; header_6_font_size=&#8221;40px&#8221; custom_margin=&#8221;||15px||false|false&#8221; header_2_font_size_tablet=&#8221;40px&#8221; header_2_font_size_phone=&#8221;30px&#8221; header_2_font_size_last_edited=&#8221;on|phone&#8221; header_3_text_align_tablet=&#8221;center&#8221; header_3_text_align_phone=&#8221;center&#8221; header_3_text_align_last_edited=&#8221;on|tablet&#8221; header_3_font_size_tablet=&#8221;40px&#8221; header_3_font_size_phone=&#8221;30px&#8221; header_3_font_size_last_edited=&#8221;on|tablet&#8221; locked=&#8221;off&#8221; global_colors_info=&#8221;{%22gcid-9f00bd79-2ab0-46cb-811b-12b8468679be%22:%91%22header_text_color%22,%22header_3_text_color%22,%22header_2_text_color%22%93,%22gcid-a9d8e14e-2f78-408a-a83c-506939196b52%22:%91%22body_text_color__hover%22%93}&#8221;]<\/p>\n<h2>tende laterali con occhielli o scorrevoli<\/h2>\n<p>[\/et_pb_text][\/et_pb_column][et_pb_column type=&#8221;1_4&#8243; _builder_version=&#8221;4.27.4&#8243; _module_preset=&#8221;default&#8221; global_colors_info=&#8221;{}&#8221;][et_pb_image src=&#8221;https:\/\/www.rambertigroup.com\/wp-content\/uploads\/2025\/08\/WhatsApp-Image-2024-09-03-at-09.55.38-2.jpg&#8221; title_text=&#8221;WhatsApp Image 2024-09-03 at 09.55.38 (2)&#8221; _builder_version=&#8221;4.27.4&#8243; _module_preset=&#8221;default&#8221; global_colors_info=&#8221;{}&#8221;][\/et_pb_image][\/et_pb_column][et_pb_column type=&#8221;1_4&#8243; _builder_version=&#8221;4.27.4&#8243; _module_preset=&#8221;default&#8221; global_colors_info=&#8221;{}&#8221;][et_pb_image src=&#8221;https:\/\/www.rambertigroup.com\/wp-content\/uploads\/2026\/03\/000000000.jpg&#8221; title_text=&#8221;000000000&#8243; _builder_version=&#8221;4.27.4&#8243; _module_preset=&#8221;default&#8221; global_colors_info=&#8221;{}&#8221;][\/et_pb_image][\/et_pb_column][et_pb_column type=&#8221;1_4&#8243; _builder_version=&#8221;4.27.4&#8243; _module_preset=&#8221;default&#8221; global_colors_info=&#8221;{}&#8221;][et_pb_image src=&#8221;https:\/\/www.rambertigroup.com\/wp-content\/uploads\/2026\/03\/WhatsApp-Image-2024-09-03-at-09.55.38-5.jpg&#8221; title_text=&#8221;WhatsApp Image 2024-09-03 at 09.55.38 (5)&#8221; _builder_version=&#8221;4.27.4&#8243; _module_preset=&#8221;default&#8221; global_colors_info=&#8221;{}&#8221;][\/et_pb_image][\/et_pb_column][\/et_pb_row][et_pb_row column_structure=&#8221;1_4,1_4,1_4,1_4&#8243; _builder_version=&#8221;4.27.4&#8243; _module_preset=&#8221;default&#8221; width=&#8221;90%&#8221; global_colors_info=&#8221;{}&#8221;][et_pb_column type=&#8221;1_4&#8243; _builder_version=&#8221;4.27.4&#8243; _module_preset=&#8221;default&#8221; global_colors_info=&#8221;{}&#8221;][et_pb_text module_id=&#8221;pedaneecabine&#8221; _builder_version=&#8221;4.27.4&#8243; _module_preset=&#8221;default&#8221; header_font=&#8221;&#8211;et_global_heading_font|600|||||||&#8221; header_text_color=&#8221;gcid-9f00bd79-2ab0-46cb-811b-12b8468679be&#8221; header_font_size=&#8221;40px&#8221; header_2_font=&#8221;&#8211;et_global_heading_font|600|||||||&#8221; header_2_text_align=&#8221;left&#8221; header_2_text_color=&#8221;gcid-9f00bd79-2ab0-46cb-811b-12b8468679be&#8221; header_2_font_size=&#8221;40px&#8221; header_3_font=&#8221;&#8211;et_global_heading_font|600|||||||&#8221; header_3_text_align=&#8221;right&#8221; header_3_text_color=&#8221;gcid-9f00bd79-2ab0-46cb-811b-12b8468679be&#8221; header_3_font_size=&#8221;50px&#8221; header_4_font=&#8221;&#8211;et_global_heading_font|600|||||||&#8221; header_4_text_color=&#8221;gcid-9f00bd79-2ab0-46cb-811b-12b8468679be&#8221; header_4_font_size=&#8221;40px&#8221; header_5_font=&#8221;&#8211;et_global_heading_font|600|||||||&#8221; header_5_text_color=&#8221;gcid-9f00bd79-2ab0-46cb-811b-12b8468679be&#8221; header_5_font_size=&#8221;40px&#8221; header_6_font=&#8221;&#8211;et_global_heading_font|600|||||||&#8221; header_6_text_color=&#8221;gcid-9f00bd79-2ab0-46cb-811b-12b8468679be&#8221; header_6_font_size=&#8221;40px&#8221; custom_margin=&#8221;||15px||false|false&#8221; header_2_font_size_tablet=&#8221;40px&#8221; header_2_font_size_phone=&#8221;30px&#8221; header_2_font_size_last_edited=&#8221;on|phone&#8221; header_3_text_align_tablet=&#8221;center&#8221; header_3_text_align_phone=&#8221;center&#8221; header_3_text_align_last_edited=&#8221;on|tablet&#8221; header_3_font_size_tablet=&#8221;40px&#8221; header_3_font_size_phone=&#8221;30px&#8221; header_3_font_size_last_edited=&#8221;on|tablet&#8221; locked=&#8221;off&#8221; global_colors_info=&#8221;{%22gcid-9f00bd79-2ab0-46cb-811b-12b8468679be%22:%91%22header_text_color%22,%22header_3_text_color%22,%22header_2_text_color%22%93,%22gcid-a9d8e14e-2f78-408a-a83c-506939196b52%22:%91%22body_text_color__hover%22%93}&#8221;]<\/p>\n<h2>coperture in pvc per gazebi e pergolati<\/h2>\n<p>[\/et_pb_text][\/et_pb_column][et_pb_column type=&#8221;1_4&#8243; _builder_version=&#8221;4.27.4&#8243; _module_preset=&#8221;default&#8221; global_colors_info=&#8221;{}&#8221;][et_pb_image src=&#8221;https:\/\/www.rambertigroup.com\/wp-content\/uploads\/2025\/08\/WhatsApp-Image-2024-09-03-at-09.57.32-1.jpg&#8221; title_text=&#8221;WhatsApp Image 2024-09-03 at 09.57.32 (1)&#8221; _builder_version=&#8221;4.27.4&#8243; _module_preset=&#8221;default&#8221; global_colors_info=&#8221;{}&#8221;][\/et_pb_image][et_pb_image src=&#8221;https:\/\/www.rambertigroup.com\/wp-content\/uploads\/2026\/03\/WhatsApp-Image-2024-12-16-at-19.01.33.jpeg&#8221; title_text=&#8221;WhatsApp Image 2024-12-16 at 19.01.33&#8243; _builder_version=&#8221;4.27.4&#8243; _module_preset=&#8221;default&#8221; global_colors_info=&#8221;{}&#8221;][\/et_pb_image][\/et_pb_column][et_pb_column type=&#8221;1_4&#8243; _builder_version=&#8221;4.27.4&#8243; _module_preset=&#8221;default&#8221; global_colors_info=&#8221;{}&#8221;][et_pb_image src=&#8221;https:\/\/www.rambertigroup.com\/wp-content\/uploads\/2025\/08\/WhatsApp-Image-2024-09-03-at-09.56.09.jpeg&#8221; title_text=&#8221;WhatsApp Image 2024-09-03 at 09.56.09&#8243; _builder_version=&#8221;4.27.4&#8243; _module_preset=&#8221;default&#8221; global_colors_info=&#8221;{}&#8221;][\/et_pb_image][et_pb_image src=&#8221;https:\/\/www.rambertigroup.com\/wp-content\/uploads\/2026\/03\/WhatsApp-Image-2025-06-19-at-11.01.09.jpeg&#8221; title_text=&#8221;WhatsApp Image 2025-06-19 at 11.01.09&#8243; _builder_version=&#8221;4.27.4&#8243; _module_preset=&#8221;default&#8221; global_colors_info=&#8221;{}&#8221;][\/et_pb_image][\/et_pb_column][et_pb_column type=&#8221;1_4&#8243; _builder_version=&#8221;4.27.4&#8243; _module_preset=&#8221;default&#8221; global_colors_info=&#8221;{}&#8221;][et_pb_image src=&#8221;https:\/\/www.rambertigroup.com\/wp-content\/uploads\/2026\/03\/WhatsApp-Image-2025-04-09-at-12.01.53-3.jpeg&#8221; title_text=&#8221;WhatsApp Image 2025-04-09 at 12.01.53 (3)&#8221; _builder_version=&#8221;4.27.4&#8243; _module_preset=&#8221;default&#8221; global_colors_info=&#8221;{}&#8221;][\/et_pb_image][et_pb_image src=&#8221;https:\/\/www.rambertigroup.com\/wp-content\/uploads\/2026\/03\/WhatsApp-Image-2025-06-13-at-15.08.26-3.jpeg&#8221; title_text=&#8221;WhatsApp Image 2025-06-13 at 15.08.26 (3)&#8221; _builder_version=&#8221;4.27.4&#8243; _module_preset=&#8221;default&#8221; global_colors_info=&#8221;{}&#8221;][\/et_pb_image][\/et_pb_column][\/et_pb_row][et_pb_row column_structure=&#8221;1_4,1_4,1_4,1_4&#8243; _builder_version=&#8221;4.27.4&#8243; _module_preset=&#8221;default&#8221; width=&#8221;90%&#8221; global_colors_info=&#8221;{}&#8221;][et_pb_column type=&#8221;1_4&#8243; _builder_version=&#8221;4.27.4&#8243; _module_preset=&#8221;default&#8221; global_colors_info=&#8221;{}&#8221;][et_pb_text module_id=&#8221;pedaneecabine&#8221; _builder_version=&#8221;4.27.4&#8243; _module_preset=&#8221;default&#8221; header_font=&#8221;&#8211;et_global_heading_font|600|||||||&#8221; header_text_color=&#8221;gcid-9f00bd79-2ab0-46cb-811b-12b8468679be&#8221; header_font_size=&#8221;40px&#8221; header_2_font=&#8221;&#8211;et_global_heading_font|600|||||||&#8221; header_2_text_align=&#8221;left&#8221; header_2_text_color=&#8221;gcid-9f00bd79-2ab0-46cb-811b-12b8468679be&#8221; header_2_font_size=&#8221;40px&#8221; header_3_font=&#8221;&#8211;et_global_heading_font|600|||||||&#8221; header_3_text_align=&#8221;right&#8221; header_3_text_color=&#8221;gcid-9f00bd79-2ab0-46cb-811b-12b8468679be&#8221; header_3_font_size=&#8221;50px&#8221; header_4_font=&#8221;&#8211;et_global_heading_font|600|||||||&#8221; header_4_text_color=&#8221;gcid-9f00bd79-2ab0-46cb-811b-12b8468679be&#8221; header_4_font_size=&#8221;40px&#8221; header_5_font=&#8221;&#8211;et_global_heading_font|600|||||||&#8221; header_5_text_color=&#8221;gcid-9f00bd79-2ab0-46cb-811b-12b8468679be&#8221; header_5_font_size=&#8221;40px&#8221; header_6_font=&#8221;&#8211;et_global_heading_font|600|||||||&#8221; header_6_text_color=&#8221;gcid-9f00bd79-2ab0-46cb-811b-12b8468679be&#8221; header_6_font_size=&#8221;40px&#8221; custom_margin=&#8221;||15px||false|false&#8221; header_2_font_size_tablet=&#8221;40px&#8221; header_2_font_size_phone=&#8221;30px&#8221; header_2_font_size_last_edited=&#8221;on|phone&#8221; header_3_text_align_tablet=&#8221;center&#8221; header_3_text_align_phone=&#8221;center&#8221; header_3_text_align_last_edited=&#8221;on|tablet&#8221; header_3_font_size_tablet=&#8221;40px&#8221; header_3_font_size_phone=&#8221;30px&#8221; header_3_font_size_last_edited=&#8221;on|tablet&#8221; locked=&#8221;off&#8221; global_colors_info=&#8221;{%22gcid-9f00bd79-2ab0-46cb-811b-12b8468679be%22:%91%22header_text_color%22,%22header_3_text_color%22,%22header_2_text_color%22%93,%22gcid-a9d8e14e-2f78-408a-a83c-506939196b52%22:%91%22body_text_color__hover%22%93}&#8221;]<\/p>\n<h2>coperture in pvc per furgoni<\/h2>\n<p>[\/et_pb_text][\/et_pb_column][et_pb_column type=&#8221;1_4&#8243; _builder_version=&#8221;4.27.4&#8243; _module_preset=&#8221;default&#8221; global_colors_info=&#8221;{}&#8221;][et_pb_image src=&#8221;https:\/\/www.rambertigroup.com\/wp-content\/uploads\/2026\/03\/FURGONE_01.jpeg&#8221; title_text=&#8221;FURGONE_01&#8243; _builder_version=&#8221;4.27.4&#8243; _module_preset=&#8221;default&#8221; global_colors_info=&#8221;{}&#8221;][\/et_pb_image][\/et_pb_column][et_pb_column type=&#8221;1_4&#8243; _builder_version=&#8221;4.27.4&#8243; _module_preset=&#8221;default&#8221; global_colors_info=&#8221;{}&#8221;][et_pb_image src=&#8221;https:\/\/www.rambertigroup.com\/wp-content\/uploads\/2026\/03\/FURGONE_02.jpeg&#8221; title_text=&#8221;FURGONE_02&#8243; _builder_version=&#8221;4.27.4&#8243; _module_preset=&#8221;default&#8221; global_colors_info=&#8221;{}&#8221;][\/et_pb_image][\/et_pb_column][et_pb_column type=&#8221;1_4&#8243; _builder_version=&#8221;4.27.4&#8243; _module_preset=&#8221;default&#8221; global_colors_info=&#8221;{}&#8221;][et_pb_image src=&#8221;https:\/\/www.rambertigroup.com\/wp-content\/uploads\/2026\/03\/WhatsApp-Image-2025-05-15-at-15.09.35-3.jpeg&#8221; title_text=&#8221;WhatsApp Image 2025-05-15 at 15.09.35 (3)&#8221; _builder_version=&#8221;4.27.4&#8243; _module_preset=&#8221;default&#8221; global_colors_info=&#8221;{}&#8221;][\/et_pb_image][\/et_pb_column][\/et_pb_row][\/et_pb_section]<\/p>\n","protected":false},"excerpt":{"rendered":"<p>teloni &amp; coperture in pvcCon le soluzioni di teloneria su misura Ramberti Group potrai garantire ai tuoi spazi esterni il giusto livello di protezione senza rinunciare a stile ed efficienza.Confezioniamo pareti finestrate, teloni e coperture in PVC su misura che si adattano perfettamente a gazebo, dehor e aree esterne di hotel, ristoranti e stabilimenti balneari.Ogni prodotto \u00e8 realizzato nel nostro laboratorio con materiali di alta qualit\u00e0 e una cura artigianale che garantisce durabilit\u00e0 e resistenza.Creiamo teloni su misura per proteggere furgoni, barche o attrezzature da esterno.Le coperture non solo proteggono da vento e intemperie, ma creano anche nuovi ambienti eleganti e funzionali.Dimentica soluzioni standard: qui la qualit\u00e0 e il design sono sempre su misura.tende laterali con occhielli o scorrevolicoperture in pvc per gazebi e pergolaticoperture in pvc per furgoni<\/p>\n","protected":false},"author":1,"featured_media":0,"parent":0,"menu_order":0,"comment_status":"closed","ping_status":"closed","template":"","meta":{"_acf_changed":false,"_et_pb_use_builder":"on","_et_pb_old_content":"","_et_gb_content_width":"","footnotes":""},"class_list":["post-247300","page","type-page","status-publish","hentry"],"acf":[],"_links":{"self":[{"href":"https:\/\/www.rambertigroup.com\/it\/wp-json\/wp\/v2\/pages\/247300","targetHints":{"allow":["GET"]}}],"collection":[{"href":"https:\/\/www.rambertigroup.com\/it\/wp-json\/wp\/v2\/pages"}],"about":[{"href":"https:\/\/www.rambertigroup.com\/it\/wp-json\/wp\/v2\/types\/page"}],"author":[{"embeddable":true,"href":"https:\/\/www.rambertigroup.com\/it\/wp-json\/wp\/v2\/users\/1"}],"replies":[{"embeddable":true,"href":"https:\/\/www.rambertigroup.com\/it\/wp-json\/wp\/v2\/comments?post=247300"}],"version-history":[{"count":22,"href":"https:\/\/www.rambertigroup.com\/it\/wp-json\/wp\/v2\/pages\/247300\/revisions"}],"predecessor-version":[{"id":255774,"href":"https:\/\/www.rambertigroup.com\/it\/wp-json\/wp\/v2\/pages\/247300\/revisions\/255774"}],"wp:attachment":[{"href":"https:\/\/www.rambertigroup.com\/it\/wp-json\/wp\/v2\/media?parent=247300"}],"curies":[{"name":"wp","href":"https:\/\/api.w.org\/{rel}","templated":true}]}}