{"id":251292,"date":"2025-09-22T13:08:48","date_gmt":"2025-09-22T12:08:48","guid":{"rendered":"https:\/\/www.rambertigroup.com\/finiture\/"},"modified":"2025-11-14T16:23:08","modified_gmt":"2025-11-14T15:23:08","slug":"acabados","status":"publish","type":"page","link":"https:\/\/www.rambertigroup.com\/es\/acabados\/","title":{"rendered":"Acabados"},"content":{"rendered":"<p>[et_pb_section fb_built=\u00bb1&#8243; custom_padding_last_edited=\u00bbon|phone\u00bb _builder_version=\u00bb4.27.4&#8243; _module_preset=\u00bbdefault\u00bb background_color=\u00bbgcid-99f95e4b-f990-47bd-838d-b70c327649da\u00bb custom_padding=\u00bb70px||30px||false|false\u00bb custom_padding_tablet=\u00bb70px||30px||false|false\u00bb custom_padding_phone=\u00bb50px||0px||false|false\u00bb da_disable_devices=\u00bboff|off|off\u00bb global_colors_info=\u00bb{%22gcid-99f95e4b-f990-47bd-838d-b70c327649da%22:%91%22background_color%22%93}\u00bb da_is_popup=\u00bboff\u00bb da_exit_intent=\u00bboff\u00bb da_has_close=\u00bbon\u00bb da_alt_close=\u00bboff\u00bb da_dark_close=\u00bboff\u00bb da_not_modal=\u00bbon\u00bb da_is_singular=\u00bboff\u00bb da_with_loader=\u00bboff\u00bb da_has_shadow=\u00bbon\u00bb][et_pb_row column_structure=\u00bb2_3,1_3&#8243; _builder_version=\u00bb4.27.4&#8243; _module_preset=\u00bbdefault\u00bb width=\u00bb85%\u00bb custom_padding=\u00bb0px||0px||true|false\u00bb global_colors_info=\u00bb{}\u00bb][et_pb_column type=\u00bb2_3&#8243; _builder_version=\u00bb4.27.4&#8243; _module_preset=\u00bbdefault\u00bb global_colors_info=\u00bb{}\u00bb][et_pb_text _builder_version=\u00bb4.27.4&#8243; _module_preset=\u00bbdefault\u00bb header_font=\u00bb&#8211;et_global_heading_font|800|||||||\u00bb header_text_align=\u00bbleft\u00bb header_text_color=\u00bbgcid-a9d8e14e-2f78-408a-a83c-506939196b52&#8243; header_font_size=\u00bb70px\u00bb width_tablet=\u00bb\u00bb width_phone=\u00bb\u00bb width_last_edited=\u00bbon|phone\u00bb module_alignment=\u00bbright\u00bb custom_margin=\u00bb||0px||false|false\u00bb custom_padding=\u00bb||30px||false|false\u00bb custom_padding_tablet=\u00bb\u00bb custom_padding_phone=\u00bb|20px|||false|false\u00bb custom_padding_last_edited=\u00bbon|phone\u00bb header_font_size_tablet=\u00bb60px\u00bb header_font_size_phone=\u00bb50px\u00bb header_font_size_last_edited=\u00bbon|phone\u00bb global_colors_info=\u00bb{%22gcid-a9d8e14e-2f78-408a-a83c-506939196b52%22:%91%22header_text_color%22%93}\u00bb]<\/p>\n<h1>acabados<\/h1>\n<p>[\/et_pb_text][\/et_pb_column][et_pb_column type=\u00bb1_3&#8243; _builder_version=\u00bb4.27.4&#8243; _module_preset=\u00bbdefault\u00bb global_colors_info=\u00bb{}\u00bb][\/et_pb_column][\/et_pb_row][\/et_pb_section][et_pb_section fb_built=\u00bb1&#8243; _builder_version=\u00bb4.27.4&#8243; _module_preset=\u00bbdefault\u00bb custom_padding=\u00bb0px||50px||false|false\u00bb da_disable_devices=\u00bboff|off|off\u00bb global_colors_info=\u00bb{}\u00bb da_is_popup=\u00bboff\u00bb da_exit_intent=\u00bboff\u00bb da_has_close=\u00bbon\u00bb da_alt_close=\u00bboff\u00bb da_dark_close=\u00bboff\u00bb da_not_modal=\u00bbon\u00bb da_is_singular=\u00bboff\u00bb da_with_loader=\u00bboff\u00bb da_has_shadow=\u00bbon\u00bb][et_pb_row custom_padding_last_edited=\u00bbon|phone\u00bb disabled_on=\u00bbon|on|on\u00bb admin_label=\u00bbPulsanti info + configuratore\u00bb _builder_version=\u00bb4.27.4&#8243; _module_preset=\u00bbdefault\u00bb positioning=\u00bbabsolute\u00bb position_origin_a=\u00bbtop_right\u00bb width=\u00bb10%\u00bb custom_margin=\u00bb||||false|false\u00bb custom_padding=\u00bb|20px|0px||false|false\u00bb custom_padding_tablet=\u00bb|20px|0px||false|false\u00bb custom_padding_phone=\u00bb|15px|||false|false\u00bb sticky_position=\u00bbtop\u00bb sticky_limit_bottom=\u00bbsection\u00bb hover_enabled=\u00bb0&#8243; locked=\u00bboff\u00bb global_colors_info=\u00bb{}\u00bb disabled=\u00bbon\u00bb sticky_enabled=\u00bb0&#8243;][et_pb_column type=\u00bb4_4&#8243; _builder_version=\u00bb4.27.4&#8243; _module_preset=\u00bbdefault\u00bb global_colors_info=\u00bb{}\u00bb][et_pb_blurb use_icon=\u00bbon\u00bb font_icon=\u00bb&#xf129;||fa||900&#8243; icon_color=\u00bbgcid-a9d8e14e-2f78-408a-a83c-506939196b52&#8243; image_icon_width=\u00bb20px\u00bb icon_alignment=\u00bbright\u00bb content_max_width=\u00bb95%\u00bb _builder_version=\u00bb4.27.4&#8243; _module_preset=\u00bbdefault\u00bb header_font=\u00bb|600|||||||\u00bb header_text_align=\u00bbright\u00bb header_text_color=\u00bbgcid-1e7bc67e-32e7-4af8-8c9b-bf1608afc50e\u00bb header_font_size=\u00bb20px\u00bb body_font=\u00bb|600|||||||\u00bb body_text_align=\u00bbright\u00bb body_text_color=\u00bbRGBA(255,255,255,0)\u00bb body_font_size=\u00bb15px\u00bb body_line_height=\u00bb0em\u00bb background_enable_color=\u00bboff\u00bb image_icon_custom_margin=\u00bb||-50px||false|false\u00bb image_icon_custom_padding=\u00bb||||false|false\u00bb width=\u00bb60%\u00bb module_alignment=\u00bbright\u00bb custom_margin=\u00bb||15px||false|false\u00bb global_colors_info=\u00bb{%22gcid-1e7bc67e-32e7-4af8-8c9b-bf1608afc50e%22:%91%22header_text_color%22%93,%22gcid-72dd532d-4c95-430b-877c-1d7df9b9934b%22:%91%22header_text_color__hover%22%93,%22gcid-a9d8e14e-2f78-408a-a83c-506939196b52%22:%91%22icon_color%22%93,%22gcid-9f00bd79-2ab0-46cb-811b-12b8468679be%22:%91%22icon_color__hover%22,%22body_text_color__hover%22%93}\u00bb header_font_size__hover_enabled=\u00bbon|hover\u00bb header_font_size__hover=\u00bb22px\u00bb header_text_color__hover_enabled=\u00bbon|hover\u00bb header_text_color__hover=\u00bb#fa7b00&#8243; icon_color__hover_enabled=\u00bbon|hover\u00bb icon_color__hover=\u00bb#a9927d\u00bb body_text_color__hover_enabled=\u00bbon|desktop\u00bb body_text_color__hover=\u00bb#a9927d\u00bb background__hover_enabled=\u00bbon|hover\u00bb background_color__hover=\u00bb\u00bb background_enable_color__hover=\u00bboff\u00bb]<\/p>\n<div class=\"et_pb_blurb_container\">\n<div class=\"et_pb_blurb_description\">\n<p>cont\u00e1ctanos<\/p>\n<\/div>\n<\/div>\n<p>[\/et_pb_blurb][et_pb_blurb image=\u00bbhttps:\/\/www.rambertigroup.com\/wp-content\/uploads\/2025\/05\/grid_15524439.png\u00bb image_icon_width=\u00bb40px\u00bb icon_alignment=\u00bbright\u00bb content_max_width=\u00bb95%\u00bb image_icon_width_tablet=\u00bb40px\u00bb image_icon_width_phone=\u00bb30px\u00bb image_icon_width_last_edited=\u00bbon|phone\u00bb admin_label=\u00bbconfiguratore\u00bb _builder_version=\u00bb4.27.4&#8243; _module_preset=\u00bbdefault\u00bb header_font=\u00bb|600|||||||\u00bb header_text_align=\u00bbright\u00bb header_text_color=\u00bbgcid-1e7bc67e-32e7-4af8-8c9b-bf1608afc50e\u00bb header_font_size=\u00bb20px\u00bb body_font=\u00bb|600|||||||\u00bb body_text_align=\u00bbright\u00bb body_text_color=\u00bbRGBA(255,255,255,0)\u00bb body_font_size=\u00bb15px\u00bb body_line_height=\u00bb0em\u00bb image_icon_custom_margin=\u00bb||||false|false\u00bb image_icon_custom_padding=\u00bb||||false|false\u00bb custom_margin=\u00bb||15px||false|false\u00bb custom_padding=\u00bb15px||||false|false\u00bb saved_tabs=\u00bball\u00bb locked=\u00bboff\u00bb global_colors_info=\u00bb{%22gcid-1e7bc67e-32e7-4af8-8c9b-bf1608afc50e%22:%91%22header_text_color%22%93,%22gcid-72dd532d-4c95-430b-877c-1d7df9b9934b%22:%91%22header_text_color__hover%22%93,%22gcid-a9d8e14e-2f78-408a-a83c-506939196b52%22:%91%22icon_color%22%93,%22gcid-9f00bd79-2ab0-46cb-811b-12b8468679be%22:%91%22icon_color__hover%22,%22body_text_color__hover%22%93}\u00bb header_font_size__hover_enabled=\u00bbon|hover\u00bb header_font_size__hover=\u00bb22px\u00bb header_text_color__hover_enabled=\u00bbon|hover\u00bb header_text_color__hover=\u00bb#fa7b00&#8243; icon_color__hover_enabled=\u00bbon|hover\u00bb icon_color__hover=\u00bb#a9927d\u00bb body_text_color__hover_enabled=\u00bbon|desktop\u00bb body_text_color__hover=\u00bb#a9927d\u00bb]<\/p>\n<p>configurar<\/p>\n<p>[\/et_pb_blurb][\/et_pb_column][\/et_pb_row][et_pb_row custom_padding_last_edited=\u00bbon|phone\u00bb disabled_on=\u00bbon|on|off\u00bb admin_label=\u00bbPulsanti info + configuratore\u00bb _builder_version=\u00bb4.27.4&#8243; _module_preset=\u00bbdefault\u00bb positioning=\u00bbabsolute\u00bb position_origin_a=\u00bbtop_right\u00bb z_index=\u00bb999&#8243; width=\u00bb25%\u00bb width_tablet=\u00bb25%\u00bb width_phone=\u00bb200px\u00bb width_last_edited=\u00bbon|phone\u00bb custom_margin=\u00bb||||false|false\u00bb custom_padding=\u00bb|20px|0px||false|false\u00bb custom_padding_tablet=\u00bb|20px|0px||false|false\u00bb custom_padding_phone=\u00bb|15px|||false|false\u00bb sticky_limit_top=\u00bbbody\u00bb sticky_limit_bottom=\u00bbsection\u00bb sticky_position_tablet=\u00bb\u00bb sticky_position_phone=\u00bb\u00bb sticky_position_last_edited=\u00bbon|phone\u00bb saved_tabs=\u00bball\u00bb locked=\u00bboff\u00bb global_colors_info=\u00bb{}\u00bb global_module=\u00bb252396&#8243; theme_builder_area=\u00bbpost_content\u00bb][et_pb_column type=\u00bb4_4&#8243; _builder_version=\u00bb4.27.4&#8243; _module_preset=\u00bbdefault\u00bb global_colors_info=\u00bb{}\u00bb theme_builder_area=\u00bbpost_content\u00bb][et_pb_blurb use_icon=\u00bbon\u00bb font_icon=\u00bb&#xf129;||fa||900&#8243; icon_color=\u00bbgcid-a9d8e14e-2f78-408a-a83c-506939196b52&#8243; image_icon_width=\u00bb20px\u00bb icon_alignment=\u00bbright\u00bb content_max_width=\u00bb95%\u00bb _builder_version=\u00bb4.27.4&#8243; _module_preset=\u00bbdefault\u00bb header_font=\u00bb|600|||||||\u00bb header_text_align=\u00bbright\u00bb header_text_color=\u00bbgcid-1e7bc67e-32e7-4af8-8c9b-bf1608afc50e\u00bb header_font_size=\u00bb20px\u00bb body_font=\u00bb|600|||||||\u00bb body_text_align=\u00bbright\u00bb body_text_color=\u00bbRGBA(255,255,255,0)\u00bb body_font_size=\u00bb15px\u00bb body_line_height=\u00bb0em\u00bb background_enable_color=\u00bboff\u00bb image_icon_custom_margin=\u00bb||-50px||false|false\u00bb image_icon_custom_padding=\u00bb||||false|false\u00bb width=\u00bb60%\u00bb module_alignment=\u00bbright\u00bb custom_margin=\u00bb||15px||false|false\u00bb link_option_url=\u00bb#contattaci\u00bb sticky_position=\u00bbtop\u00bb sticky_offset_top=\u00bb50px\u00bb sticky_limit_bottom=\u00bbsection\u00bb global_colors_info=\u00bb{%22gcid-1e7bc67e-32e7-4af8-8c9b-bf1608afc50e%22:%91%22header_text_color%22%93,%22gcid-72dd532d-4c95-430b-877c-1d7df9b9934b%22:%91%22header_text_color__hover%22%93,%22gcid-a9d8e14e-2f78-408a-a83c-506939196b52%22:%91%22icon_color%22%93,%22gcid-9f00bd79-2ab0-46cb-811b-12b8468679be%22:%91%22icon_color__hover%22,%22body_text_color__hover%22%93}\u00bb header_font_size__hover_enabled=\u00bbon|hover\u00bb header_font_size__hover=\u00bb22px\u00bb header_text_color__hover_enabled=\u00bbon|hover\u00bb header_text_color__hover=\u00bb#fa7b00&#8243; icon_color__hover_enabled=\u00bbon|hover\u00bb icon_color__hover=\u00bb#a9927d\u00bb body_text_color__hover_enabled=\u00bbon|desktop\u00bb body_text_color__hover=\u00bb#a9927d\u00bb background__hover_enabled=\u00bbon|hover\u00bb background_color__hover=\u00bb\u00bb background_enable_color__hover=\u00bboff\u00bb theme_builder_area=\u00bbpost_content\u00bb]<\/p>\n<p>cont\u00e1ctanos<\/p>\n<p>[\/et_pb_blurb][et_pb_blurb image=\u00bbhttps:\/\/www.rambertigroup.com\/wp-content\/uploads\/2025\/05\/grid_15524439.png\u00bb image_icon_width=\u00bb40px\u00bb icon_alignment=\u00bbright\u00bb content_max_width=\u00bb95%\u00bb image_icon_width_tablet=\u00bb40px\u00bb image_icon_width_phone=\u00bb30px\u00bb image_icon_width_last_edited=\u00bbon|phone\u00bb admin_label=\u00bbconfiguratore\u00bb _builder_version=\u00bb4.27.4&#8243; _module_preset=\u00bbdefault\u00bb header_font=\u00bb|600|||||||\u00bb header_text_align=\u00bbright\u00bb header_text_color=\u00bbgcid-1e7bc67e-32e7-4af8-8c9b-bf1608afc50e\u00bb header_font_size=\u00bb20px\u00bb body_font=\u00bb|600|||||||\u00bb body_text_align=\u00bbright\u00bb body_text_color=\u00bbRGBA(255,255,255,0)\u00bb body_font_size=\u00bb15px\u00bb body_line_height=\u00bb0em\u00bb background_enable_color=\u00bboff\u00bb image_icon_custom_margin=\u00bb||||false|false\u00bb image_icon_custom_padding=\u00bb||||false|false\u00bb z_index=\u00bb999&#8243; custom_margin=\u00bb||15px||false|false\u00bb custom_padding=\u00bb15px||||false|false\u00bb link_option_url=\u00bbhttps:\/\/design.rambertigroup.com\/en\u00bb link_option_url_new_window=\u00bbon\u00bb sticky_position=\u00bbtop\u00bb sticky_limit_bottom=\u00bbsection\u00bb background_last_edited=\u00bbon|desktop\u00bb locked=\u00bboff\u00bb global_colors_info=\u00bb{%22gcid-1e7bc67e-32e7-4af8-8c9b-bf1608afc50e%22:%91%22header_text_color%22%93,%22gcid-72dd532d-4c95-430b-877c-1d7df9b9934b%22:%91%22header_text_color__hover%22%93,%22gcid-a9d8e14e-2f78-408a-a83c-506939196b52%22:%91%22icon_color%22%93,%22gcid-9f00bd79-2ab0-46cb-811b-12b8468679be%22:%91%22icon_color__hover%22,%22body_text_color__hover%22%93}\u00bb header_font_size__hover_enabled=\u00bbon|hover\u00bb header_font_size__hover=\u00bb22px\u00bb header_text_color__hover_enabled=\u00bbon|hover\u00bb header_text_color__hover=\u00bb#fa7b00&#8243; icon_color__hover_enabled=\u00bbon|hover\u00bb icon_color__hover=\u00bb#a9927d\u00bb body_text_color__hover_enabled=\u00bbon|desktop\u00bb body_text_color__hover=\u00bb#a9927d\u00bb background__hover_enabled=\u00bbon|hover\u00bb background_color__hover=\u00bb\u00bb background_enable_color__hover=\u00bboff\u00bb theme_builder_area=\u00bbpost_content\u00bb]<\/p>\n<p>configurar<\/p>\n<p>[\/et_pb_blurb][\/et_pb_column][\/et_pb_row][et_pb_row _builder_version=\u00bb4.27.4&#8243; _module_preset=\u00bbdefault\u00bb width=\u00bb85%\u00bb global_colors_info=\u00bb{}\u00bb][et_pb_column type=\u00bb4_4&#8243; _builder_version=\u00bb4.27.4&#8243; _module_preset=\u00bbdefault\u00bb global_colors_info=\u00bb{}\u00bb][et_pb_code module_class=\u00bbtessuti_swatch\u00bb _builder_version=\u00bb4.27.4&#8243; _module_preset=\u00bbdefault\u00bb global_colors_info=\u00bb{}\u00bb]Shortcode 'finiture_generiche' cannot be used outside of a singular template when operating with source 'acf'[\/et_pb_code][et_pb_blurb use_icon=\u00bbon\u00bb content_max_width=\u00bb100%\u00bb _builder_version=\u00bb4.27.4&#8243; _module_preset=\u00bbdefault\u00bb header_level=\u00bbh3&#8243; header_font=\u00bb&#8211;et_global_heading_font|600|||||||\u00bb header_text_color=\u00bbgcid-9f00bd79-2ab0-46cb-811b-12b8468679be\u00bb header_font_size=\u00bb40px\u00bb body_font=\u00bb&#8211;et_global_heading_font||||||||\u00bb body_text_align=\u00bbleft\u00bb body_font_size=\u00bb15px\u00bb body_line_height=\u00bb1.8em\u00bb body_text_align_tablet=\u00bbleft\u00bb body_text_align_phone=\u00bbjustify\u00bb body_text_align_last_edited=\u00bbon|phone\u00bb body_font_size_tablet=\u00bb15px\u00bb body_font_size_phone=\u00bb14px\u00bb body_font_size_last_edited=\u00bbon|phone\u00bb locked=\u00bboff\u00bb global_colors_info=\u00bb{%22gcid-9f00bd79-2ab0-46cb-811b-12b8468679be%22:%91%22header_text_color%22%93,%22gcid-a9d8e14e-2f78-408a-a83c-506939196b52%22:%91%22body_text_color__hover%22%93}\u00bb body_text_color__hover_enabled=\u00bbon|hover\u00bb body_text_color__hover=\u00bb#2a2f31&#8243;]<\/p>\n<p><strong>* las im\u00e1genes de muestra de color son indicativas y pueden estar sujetas a variaciones de color<\/strong><\/p>\n<p>[\/et_pb_blurb][et_pb_text quote_border_color=\u00bbgcid-9f00bd79-2ab0-46cb-811b-12b8468679be\u00bb _builder_version=\u00bb4.27.4&#8243; _module_preset=\u00bbdefault\u00bb text_font=\u00bb&#8211;et_global_body_font||||||||\u00bb text_font_size=\u00bb30px\u00bb text_line_height=\u00bb1.4em\u00bb header_font=\u00bb&#8211;et_global_heading_font|600|||||||\u00bb header_font_size=\u00bb65px\u00bb header_letter_spacing=\u00bb1px\u00bb header_2_font=\u00bb&#8211;et_global_heading_font|600|||||||\u00bb header_2_text_color=\u00bbgcid-secondary-color\u00bb header_2_font_size=\u00bb65px\u00bb header_2_line_height=\u00bb0.3em\u00bb header_3_font_size=\u00bb30px\u00bb background_enable_color=\u00bboff\u00bb custom_margin=\u00bb||0px||false|false\u00bb custom_padding=\u00bb0px|50px|30px|0px|false|false\u00bb header_3_font_size_tablet=\u00bb30px\u00bb header_3_font_size_phone=\u00bb25px\u00bb header_3_font_size_last_edited=\u00bbon|phone\u00bb locked=\u00bboff\u00bb global_colors_info=\u00bb{%22gcid-9f00bd79-2ab0-46cb-811b-12b8468679be%22:%91%22quote_border_color%22%93,%22gcid-secondary-color%22:%91%22header_2_text_color%22%93,%22gcid-99f95e4b-f990-47bd-838d-b70c327649da%22:%91%22background_color%22%93}\u00bb]<\/p>\n<h2>\u2014<\/h2>\n<h3>acabados aluminio<\/h3>\n<p>[\/et_pb_text][et_pb_blurb use_icon=\u00bbon\u00bb content_max_width=\u00bb100%\u00bb _builder_version=\u00bb4.27.4&#8243; _module_preset=\u00bbdefault\u00bb header_level=\u00bbh3&#8243; header_font=\u00bb&#8211;et_global_heading_font|600|||||||\u00bb header_text_color=\u00bbgcid-9f00bd79-2ab0-46cb-811b-12b8468679be\u00bb header_font_size=\u00bb40px\u00bb body_font=\u00bb&#8211;et_global_heading_font||||||||\u00bb body_text_align=\u00bbleft\u00bb body_font_size=\u00bb15px\u00bb body_line_height=\u00bb1.8em\u00bb body_text_align_tablet=\u00bbleft\u00bb body_text_align_phone=\u00bbjustify\u00bb body_text_align_last_edited=\u00bbon|phone\u00bb body_font_size_tablet=\u00bb15px\u00bb body_font_size_phone=\u00bb14px\u00bb body_font_size_last_edited=\u00bbon|phone\u00bb locked=\u00bboff\u00bb global_colors_info=\u00bb{%22gcid-9f00bd79-2ab0-46cb-811b-12b8468679be%22:%91%22header_text_color%22%93,%22gcid-a9d8e14e-2f78-408a-a83c-506939196b52%22:%91%22body_text_color__hover%22%93}\u00bb body_text_color__hover_enabled=\u00bbon|hover\u00bb body_text_color__hover=\u00bb#2a2f31&#8243;]<\/p>\n<p>Nuestras tumbonas y sillas son de <strong>aluminio de alta calidad<\/strong>. Gracias al tratamiento especial de anodizaci\u00f3n al que se someten, se <strong>garantiza una perfecta inalterabilidad<\/strong> incluso en las peores condiciones de uso. Todos los herrajes son de <strong>acero inoxidable AISI 316<\/strong>.<\/p>\n<p>Todos los colores RAL est\u00e1n disponibles para cantidades. <strong>La producci\u00f3n de serie del aluminio es anodizado color plateado<\/strong>. Para colores diferentes, hay que reservar con mucha antelaci\u00f3n. Todas nuestras tumbonas est\u00e1n equipadas con el sistema de sustituci\u00f3n de soportes SICURBLOCK, que ha sido probado durante d\u00e9cadas.<\/p>\n<p>[\/et_pb_blurb][\/et_pb_column][\/et_pb_row][et_pb_row _builder_version=\u00bb4.27.4&#8243; _module_preset=\u00bbdefault\u00bb width=\u00bb85%\u00bb custom_padding=\u00bb50px||||false|false\u00bb global_colors_info=\u00bb{}\u00bb][et_pb_column type=\u00bb4_4&#8243; _builder_version=\u00bb4.27.4&#8243; _module_preset=\u00bbdefault\u00bb global_colors_info=\u00bb{}\u00bb][et_pb_text quote_border_color=\u00bbgcid-9f00bd79-2ab0-46cb-811b-12b8468679be\u00bb _builder_version=\u00bb4.27.4&#8243; _module_preset=\u00bbdefault\u00bb text_font=\u00bb&#8211;et_global_body_font||||||||\u00bb text_font_size=\u00bb30px\u00bb text_line_height=\u00bb1.4em\u00bb header_font=\u00bb&#8211;et_global_heading_font|600|||||||\u00bb header_font_size=\u00bb65px\u00bb header_letter_spacing=\u00bb1px\u00bb header_2_font=\u00bb&#8211;et_global_heading_font|600|||||||\u00bb header_2_text_color=\u00bbgcid-secondary-color\u00bb header_2_font_size=\u00bb65px\u00bb header_2_line_height=\u00bb0.3em\u00bb header_3_font_size=\u00bb30px\u00bb background_enable_color=\u00bboff\u00bb custom_margin=\u00bb||0px||false|false\u00bb custom_padding=\u00bb0px|50px|30px|0px|false|false\u00bb header_3_font_size_tablet=\u00bb30px\u00bb header_3_font_size_phone=\u00bb25px\u00bb header_3_font_size_last_edited=\u00bbon|phone\u00bb locked=\u00bboff\u00bb global_colors_info=\u00bb{%22gcid-9f00bd79-2ab0-46cb-811b-12b8468679be%22:%91%22quote_border_color%22%93,%22gcid-secondary-color%22:%91%22header_2_text_color%22%93,%22gcid-99f95e4b-f990-47bd-838d-b70c327649da%22:%91%22background_color%22%93}\u00bb]<\/p>\n<h2>\u2014<\/h2>\n<h3>acabados madera<\/h3>\n<p>[\/et_pb_text][et_pb_blurb use_icon=\u00bbon\u00bb content_max_width=\u00bb100%\u00bb _builder_version=\u00bb4.27.4&#8243; _module_preset=\u00bbdefault\u00bb header_level=\u00bbh3&#8243; header_font=\u00bb&#8211;et_global_heading_font|600|||||||\u00bb header_text_color=\u00bbgcid-9f00bd79-2ab0-46cb-811b-12b8468679be\u00bb header_font_size=\u00bb40px\u00bb body_font=\u00bb&#8211;et_global_heading_font||||||||\u00bb body_text_align=\u00bbleft\u00bb body_font_size=\u00bb15px\u00bb body_line_height=\u00bb1.8em\u00bb body_text_align_tablet=\u00bbleft\u00bb body_text_align_phone=\u00bbjustify\u00bb body_text_align_last_edited=\u00bbon|phone\u00bb body_font_size_tablet=\u00bb15px\u00bb body_font_size_phone=\u00bb14px\u00bb body_font_size_last_edited=\u00bbon|phone\u00bb locked=\u00bboff\u00bb global_colors_info=\u00bb{%22gcid-9f00bd79-2ab0-46cb-811b-12b8468679be%22:%91%22header_text_color%22%93,%22gcid-a9d8e14e-2f78-408a-a83c-506939196b52%22:%91%22body_text_color__hover%22%93}\u00bb body_text_color__hover_enabled=\u00bbon|hover\u00bb body_text_color__hover=\u00bb#2a2f31&#8243;]<\/p>\n<p>Nuestras tumbonas, tumbonas, asientos y mesas est\u00e1n hechas de <strong>madera de fresno de la mejor calidad<\/strong>, procedente de bosques austriacos y <strong>certificado PEFC<\/strong> y <strong>FSC<\/strong>, seleccionado y trabajado cuidadosamente en espesores que <strong>garantizan al producto la m\u00e1xima resistencia<\/strong>.<br \/>Adecuada para exteriores porque ha sido tratada impregnando la madera en varias capas con pinturas especiales en tanques de color y pegando las partes de madera con cola marina especial.<br \/>Herrajes de <strong>acero inoxidable AISI 316<\/strong>.<br \/>Al ser de madera, se recomienda el mantenimiento con productos espec\u00edficos para dicho material.<\/p>\n<p>[\/et_pb_blurb][\/et_pb_column][\/et_pb_row][\/et_pb_section][et_pb_section fb_built=\u00bb1&#8243; admin_label=\u00bbSection\u00bb _builder_version=\u00bb4.27.4&#8243; _module_preset=\u00bbdefault\u00bb background_color=\u00bb#746f72&#8243; background_image=\u00bbhttps:\/\/www.rambertigroup.com\/wp-content\/uploads\/2024\/12\/T3-4-20210910_085807-scaled.jpg\u00bb background_blend=\u00bboverlay\u00bb min_height=\u00bb70vh\u00bb min_height_tablet=\u00bb70vh\u00bb min_height_phone=\u00bb50vh\u00bb min_height_last_edited=\u00bbon|phone\u00bb custom_margin=\u00bb||||false|false\u00bb da_disable_devices=\u00bboff|off|off\u00bb locked=\u00bboff\u00bb global_colors_info=\u00bb{}\u00bb da_is_popup=\u00bboff\u00bb da_exit_intent=\u00bboff\u00bb da_has_close=\u00bbon\u00bb da_alt_close=\u00bboff\u00bb da_dark_close=\u00bboff\u00bb da_not_modal=\u00bbon\u00bb da_is_singular=\u00bboff\u00bb da_with_loader=\u00bboff\u00bb da_has_shadow=\u00bbon\u00bb][\/et_pb_section]<\/p>\n","protected":false},"excerpt":{"rendered":"<p>acabados cont\u00e1ctanos configurarcont\u00e1ctanosconfigurarShortcode 'finiture_generiche' cannot be used outside of a singular template when operating with source 'acf'* las im\u00e1genes de muestra de color son indicativas y pueden estar sujetas a variaciones de color\u2014 acabados aluminioNuestras tumbonas y sillas son de aluminio de alta calidad. Gracias al tratamiento especial de anodizaci\u00f3n al que se someten, se garantiza una perfecta inalterabilidad incluso en las peores condiciones de uso. Todos los herrajes son de acero inoxidable AISI 316. Todos los colores RAL est\u00e1n disponibles para cantidades. La producci\u00f3n de serie del aluminio es anodizado color plateado. Para colores diferentes, hay que reservar con mucha antelaci\u00f3n. Todas nuestras tumbonas est\u00e1n equipadas con el sistema de sustituci\u00f3n de soportes SICURBLOCK, que ha sido probado durante d\u00e9cadas.\u2014 acabados maderaNuestras tumbonas, tumbonas, asientos y mesas est\u00e1n hechas de madera de fresno de la mejor calidad, procedente de bosques austriacos y certificado PEFC y FSC, seleccionado y trabajado cuidadosamente en espesores que garantizan al producto la m\u00e1xima resistencia.Adecuada para exteriores porque ha sido tratada impregnando la madera en varias capas con pinturas especiales en tanques de color y pegando las partes de madera con cola marina especial.Herrajes de acero inoxidable AISI 316.Al ser de madera, se recomienda el mantenimiento con productos espec\u00edficos para dicho material.<\/p>\n","protected":false},"author":1,"featured_media":0,"parent":0,"menu_order":0,"comment_status":"closed","ping_status":"closed","template":"","meta":{"_acf_changed":false,"_et_pb_use_builder":"on","_et_pb_old_content":"","_et_gb_content_width":"","footnotes":""},"class_list":["post-251292","page","type-page","status-publish","hentry"],"acf":[],"_links":{"self":[{"href":"https:\/\/www.rambertigroup.com\/es\/wp-json\/wp\/v2\/pages\/251292","targetHints":{"allow":["GET"]}}],"collection":[{"href":"https:\/\/www.rambertigroup.com\/es\/wp-json\/wp\/v2\/pages"}],"about":[{"href":"https:\/\/www.rambertigroup.com\/es\/wp-json\/wp\/v2\/types\/page"}],"author":[{"embeddable":true,"href":"https:\/\/www.rambertigroup.com\/es\/wp-json\/wp\/v2\/users\/1"}],"replies":[{"embeddable":true,"href":"https:\/\/www.rambertigroup.com\/es\/wp-json\/wp\/v2\/comments?post=251292"}],"version-history":[{"count":5,"href":"https:\/\/www.rambertigroup.com\/es\/wp-json\/wp\/v2\/pages\/251292\/revisions"}],"predecessor-version":[{"id":253843,"href":"https:\/\/www.rambertigroup.com\/es\/wp-json\/wp\/v2\/pages\/251292\/revisions\/253843"}],"wp:attachment":[{"href":"https:\/\/www.rambertigroup.com\/es\/wp-json\/wp\/v2\/media?parent=251292"}],"curies":[{"name":"wp","href":"https:\/\/api.w.org\/{rel}","templated":true}]}}