{"id":250848,"date":"2025-08-08T11:27:41","date_gmt":"2025-08-08T10:27:41","guid":{"rendered":"https:\/\/www.rambertigroup.com\/loneria\/"},"modified":"2025-10-06T09:38:44","modified_gmt":"2025-10-06T08:38:44","slug":"loneria","status":"publish","type":"page","link":"https:\/\/www.rambertigroup.com\/es\/loneria\/","title":{"rendered":"Loner\u00eda"},"content":{"rendered":"<p>[et_pb_section fb_built=\u00bb1&#8243; custom_padding_last_edited=\u00bbon|tablet\u00bb admin_label=\u00bbSection\u00bb _builder_version=\u00bb4.27.4&#8243; _module_preset=\u00bbdefault\u00bb background_color=\u00bbgcid-99f95e4b-f990-47bd-838d-b70c327649da\u00bb custom_padding=\u00bb70px||30px||false|false\u00bb custom_padding_tablet=\u00bb30px||30px||false|false\u00bb custom_padding_phone=\u00bb30px||30px||false|false\u00bb da_disable_devices=\u00bboff|off|off\u00bb global_colors_info=\u00bb{%22gcid-99f95e4b-f990-47bd-838d-b70c327649da%22:%91%22background_color%22%93}\u00bb da_is_popup=\u00bboff\u00bb da_exit_intent=\u00bboff\u00bb da_has_close=\u00bbon\u00bb da_alt_close=\u00bboff\u00bb da_dark_close=\u00bboff\u00bb da_not_modal=\u00bbon\u00bb da_is_singular=\u00bboff\u00bb da_with_loader=\u00bboff\u00bb da_has_shadow=\u00bbon\u00bb][et_pb_row column_structure=\u00bb2_3,1_3&#8243; _builder_version=\u00bb4.27.4&#8243; _module_preset=\u00bbdefault\u00bb width=\u00bb90%\u00bb custom_padding=\u00bb0px||0px||true|false\u00bb global_colors_info=\u00bb{}\u00bb][et_pb_column type=\u00bb2_3&#8243; _builder_version=\u00bb4.27.4&#8243; _module_preset=\u00bbdefault\u00bb global_colors_info=\u00bb{}\u00bb][et_pb_text _builder_version=\u00bb4.27.4&#8243; _module_preset=\u00bbdefault\u00bb header_font=\u00bb&#8211;et_global_heading_font|800|||||||\u00bb header_text_align=\u00bbleft\u00bb header_text_color=\u00bbgcid-a9d8e14e-2f78-408a-a83c-506939196b52&#8243; header_font_size=\u00bb70px\u00bb width_tablet=\u00bb\u00bb width_phone=\u00bb\u00bb width_last_edited=\u00bbon|phone\u00bb module_alignment=\u00bbright\u00bb custom_margin=\u00bb||0px||false|false\u00bb custom_padding_tablet=\u00bb\u00bb custom_padding_phone=\u00bb|20px|||false|false\u00bb custom_padding_last_edited=\u00bbon|phone\u00bb hover_enabled=\u00bb0&#8243; header_font_size_tablet=\u00bb60px\u00bb header_font_size_phone=\u00bb50px\u00bb header_font_size_last_edited=\u00bbon|phone\u00bb global_colors_info=\u00bb{%22gcid-a9d8e14e-2f78-408a-a83c-506939196b52%22:%91%22header_text_color%22%93}\u00bb sticky_enabled=\u00bb0&#8243;]<\/p>\n<h1>lonas y cubiertas de pvc<\/h1>\n<p>[\/et_pb_text][et_pb_text admin_label=\u00bbTesto\u00bb _builder_version=\u00bb4.27.4&#8243; _module_preset=\u00bbf2290cca-10bb-4b4a-867a-2235bbcdef78&#8243; text_font=\u00bb&#8211;et_global_body_font||||||||\u00bb text_font_size=\u00bb15px\u00bb text_line_height=\u00bb1.8em\u00bb header_text_color=\u00bbgcid-a9d8e14e-2f78-408a-a83c-506939196b52&#8243; header_2_font=\u00bbLora||||||||\u00bb header_2_text_align=\u00bbcenter\u00bb header_2_font_size=\u00bb52px\u00bb header_2_line_height=\u00bb1.4em\u00bb header_3_font=\u00bbRaleway|||on|||||\u00bb header_3_text_align=\u00bbcenter\u00bb header_3_text_color=\u00bbgcid-a9d8e14e-2f78-408a-a83c-506939196b52&#8243; header_3_font_size=\u00bb25px\u00bb header_3_letter_spacing=\u00bb1px\u00bb header_4_font=\u00bbCaveat||on||||||\u00bb header_4_text_align=\u00bbcenter\u00bb header_4_text_color=\u00bbgcid-1e7bc67e-32e7-4af8-8c9b-bf1608afc50e\u00bb header_4_font_size=\u00bb60px\u00bb header_4_line_height=\u00bb2em\u00bb custom_margin=\u00bb||||false|false\u00bb custom_margin_tablet=\u00bb||||false|false\u00bb custom_margin_phone=\u00bb||||false|false\u00bb custom_margin_last_edited=\u00bbon|phone\u00bb custom_padding=\u00bb20px||||false|false\u00bb hover_enabled=\u00bb0&#8243; text_font_size_tablet=\u00bb18px\u00bb text_font_size_phone=\u00bb16px\u00bb text_font_size_last_edited=\u00bbon|phone\u00bb header_2_font_size_tablet=\u00bb32px\u00bb header_2_font_size_phone=\u00bb20px\u00bb header_2_font_size_last_edited=\u00bbon|desktop\u00bb locked=\u00bboff\u00bb global_colors_info=\u00bb{%22gcid-a9d8e14e-2f78-408a-a83c-506939196b52%22:%91%22header_text_color%22,%22header_3_text_color%22%93,%22gcid-1e7bc67e-32e7-4af8-8c9b-bf1608afc50e%22:%91%22header_4_text_color%22%93}\u00bb sticky_enabled=\u00bb0&#8243;]<\/p>\n<p>Con las <strong>soluciones de loner\u00eda personalizada<\/strong> de Ramberti Group, podr\u00e1s garantizar que tus espacios exteriores tengan el nivel de protecci\u00f3n adecuado sin sacrificar el estilo y la eficiencia.<\/p>\n<p>[\/et_pb_text][\/et_pb_column][et_pb_column type=\u00bb1_3&#8243; _builder_version=\u00bb4.27.4&#8243; _module_preset=\u00bbdefault\u00bb global_colors_info=\u00bb{}\u00bb][et_pb_image src=\u00bbhttps:\/\/www.rambertigroup.com\/wp-content\/uploads\/2024\/12\/la-teloneria-logo.png\u00bb _builder_version=\u00bb4.27.4&#8243; _module_preset=\u00bbdefault\u00bb title_text=\u00bbla-teloneria-logo\u00bb width=\u00bb80%\u00bb module_alignment=\u00bbcenter\u00bb custom_padding=\u00bb25px||||false|false\u00bb hover_enabled=\u00bb0&#8243; sticky_enabled=\u00bb0&#8243;][\/et_pb_image][\/et_pb_column][\/et_pb_row][\/et_pb_section][et_pb_section fb_built=\u00bb1&#8243; admin_label=\u00bbSection\u00bb module_id=\u00bbaccessoriombrelloni\u00bb _builder_version=\u00bb4.27.4&#8243; _module_preset=\u00bbdefault\u00bb da_popup_slug=\u00bbaccessoriombrelloni\u00bb da_disable_devices=\u00bboff|off|off\u00bb global_colors_info=\u00bb{}\u00bb da_is_popup=\u00bboff\u00bb da_exit_intent=\u00bboff\u00bb da_has_close=\u00bbon\u00bb da_alt_close=\u00bboff\u00bb da_dark_close=\u00bboff\u00bb da_not_modal=\u00bbon\u00bb da_is_singular=\u00bboff\u00bb da_with_loader=\u00bboff\u00bb da_has_shadow=\u00bbon\u00bb][et_pb_row _builder_version=\u00bb4.27.4&#8243; _module_preset=\u00bbdefault\u00bb width=\u00bb90%\u00bb module_alignment=\u00bbcenter\u00bb custom_margin=\u00bb||||false|false\u00bb custom_padding=\u00bb0px||||false|false\u00bb hover_enabled=\u00bb0&#8243; global_colors_info=\u00bb{}\u00bb sticky_enabled=\u00bb0&#8243;][et_pb_column type=\u00bb4_4&#8243; _builder_version=\u00bb4.27.4&#8243; _module_preset=\u00bbdefault\u00bb global_colors_info=\u00bb{}\u00bb][et_pb_text _builder_version=\u00bb4.27.4&#8243; _module_preset=\u00bbdefault\u00bb text_font=\u00bb||||||||\u00bb custom_padding=\u00bb||||false|false\u00bb hover_enabled=\u00bb0&#8243; global_colors_info=\u00bb{}\u00bb locked=\u00bboff\u00bb sticky_enabled=\u00bb0&#8243;]<\/p>\n<p>Fabricamos <strong>paredes con ventanas, lonas y cubiertas de PVC<\/strong> ideales para gazebos, terrazas y \u00e1reas exteriores <strong>de hoteles, restaurantes y balnearios<\/strong>.<br \/>Cada producto es elaborado en nuestro laboratorio con materiales de alta calidad y cuidado artesanal que garantiza durabilidad y resistencia.<br \/>Las cubiertas no s\u00f3lo protegen del viento y de las intemperies, sino que tambi\u00e9n crean nuevos espacios elegantes y funcionales.<br \/>Olv\u00eddese de las soluciones est\u00e1ndares: aqu\u00ed la calidad y el dise\u00f1o est\u00e1n siempre hechos a medida.<\/p>\n<p>[\/et_pb_text][\/et_pb_column][\/et_pb_row][et_pb_row _builder_version=\u00bb4.27.4&#8243; _module_preset=\u00bbdefault\u00bb column_structure=\u00bb1_4,1_4,1_4,1_4&#8243; width=\u00bb90%\u00bb hover_enabled=\u00bb0&#8243; sticky_enabled=\u00bb0&#8243;][et_pb_column _builder_version=\u00bb4.27.4&#8243; _module_preset=\u00bbdefault\u00bb type=\u00bb1_4&#8243;][et_pb_text module_id=\u00bbpedaneecabine\u00bb _builder_version=\u00bb4.27.4&#8243; _module_preset=\u00bbdefault\u00bb header_font=\u00bb&#8211;et_global_heading_font|600|||||||\u00bb header_text_color=\u00bbgcid-9f00bd79-2ab0-46cb-811b-12b8468679be\u00bb header_font_size=\u00bb40px\u00bb header_2_font=\u00bb&#8211;et_global_heading_font|600|||||||\u00bb header_2_text_align=\u00bbleft\u00bb header_2_text_color=\u00bbgcid-9f00bd79-2ab0-46cb-811b-12b8468679be\u00bb header_2_font_size=\u00bb40px\u00bb header_3_font=\u00bb&#8211;et_global_heading_font|600|||||||\u00bb header_3_text_align=\u00bbright\u00bb header_3_text_color=\u00bbgcid-9f00bd79-2ab0-46cb-811b-12b8468679be\u00bb header_3_font_size=\u00bb50px\u00bb header_4_font=\u00bb&#8211;et_global_heading_font|600|||||||\u00bb header_4_text_color=\u00bbgcid-9f00bd79-2ab0-46cb-811b-12b8468679be\u00bb header_4_font_size=\u00bb40px\u00bb header_5_font=\u00bb&#8211;et_global_heading_font|600|||||||\u00bb header_5_text_color=\u00bbgcid-9f00bd79-2ab0-46cb-811b-12b8468679be\u00bb header_5_font_size=\u00bb40px\u00bb header_6_font=\u00bb&#8211;et_global_heading_font|600|||||||\u00bb header_6_text_color=\u00bbgcid-9f00bd79-2ab0-46cb-811b-12b8468679be\u00bb header_6_font_size=\u00bb40px\u00bb custom_margin=\u00bb||15px||false|false\u00bb hover_enabled=\u00bb0&#8243; header_2_font_size_tablet=\u00bb40px\u00bb header_2_font_size_phone=\u00bb30px\u00bb header_2_font_size_last_edited=\u00bbon|phone\u00bb header_3_text_align_tablet=\u00bbcenter\u00bb header_3_text_align_phone=\u00bbcenter\u00bb header_3_text_align_last_edited=\u00bbon|tablet\u00bb header_3_font_size_tablet=\u00bb40px\u00bb header_3_font_size_phone=\u00bb30px\u00bb header_3_font_size_last_edited=\u00bbon|tablet\u00bb locked=\u00bboff\u00bb global_colors_info=\u00bb{%22gcid-9f00bd79-2ab0-46cb-811b-12b8468679be%22:%91%22header_text_color%22,%22header_3_text_color%22,%22header_2_text_color%22%93,%22gcid-a9d8e14e-2f78-408a-a83c-506939196b52%22:%91%22body_text_color__hover%22%93}\u00bb sticky_enabled=\u00bb0&#8243;]<\/p>\n<h2>cortinas laterales con ojales<\/h2>\n<p>[\/et_pb_text][\/et_pb_column][et_pb_column _builder_version=\u00bb4.27.4&#8243; _module_preset=\u00bbdefault\u00bb type=\u00bb1_4&#8243;][et_pb_image src=\u00bbhttps:\/\/www.rambertigroup.com\/wp-content\/uploads\/2025\/08\/WhatsApp-Image-2024-09-03-at-09.55.38-2.jpg\u00bb _builder_version=\u00bb4.27.4&#8243; _module_preset=\u00bbdefault\u00bb title_text=\u00bbWhatsApp Image 2024-09-03 at 09.55.38 (2)\u00bb hover_enabled=\u00bb0&#8243; sticky_enabled=\u00bb0&#8243;][\/et_pb_image][\/et_pb_column][et_pb_column _builder_version=\u00bb4.27.4&#8243; _module_preset=\u00bbdefault\u00bb type=\u00bb1_4&#8243;][et_pb_image src=\u00bbhttps:\/\/www.rambertigroup.com\/wp-content\/uploads\/2025\/08\/WhatsApp-Image-2024-09-03-at-09.55.38-3.jpeg\u00bb _builder_version=\u00bb4.27.4&#8243; _module_preset=\u00bbdefault\u00bb title_text=\u00bbWhatsApp Image 2024-09-03 at 09.55.38 (3)\u00bb hover_enabled=\u00bb0&#8243; sticky_enabled=\u00bb0&#8243;][\/et_pb_image][\/et_pb_column][et_pb_column _builder_version=\u00bb4.27.4&#8243; _module_preset=\u00bbdefault\u00bb type=\u00bb1_4&#8243;][et_pb_image src=\u00bbhttps:\/\/www.rambertigroup.com\/wp-content\/uploads\/2025\/08\/WhatsApp-Image-2024-09-03-at-09.55.38.jpg\u00bb _builder_version=\u00bb4.27.4&#8243; _module_preset=\u00bbdefault\u00bb title_text=\u00bbWhatsApp Image 2024-09-03 at 09.55.38&#8243; hover_enabled=\u00bb0&#8243; sticky_enabled=\u00bb0&#8243;][\/et_pb_image][\/et_pb_column][\/et_pb_row][et_pb_row _builder_version=\u00bb4.27.4&#8243; _module_preset=\u00bbdefault\u00bb column_structure=\u00bb1_4,1_4,1_4,1_4&#8243; width=\u00bb90%\u00bb hover_enabled=\u00bb0&#8243; sticky_enabled=\u00bb0&#8243;][et_pb_column _builder_version=\u00bb4.27.4&#8243; _module_preset=\u00bbdefault\u00bb type=\u00bb1_4&#8243;][et_pb_text module_id=\u00bbpedaneecabine\u00bb _builder_version=\u00bb4.27.4&#8243; _module_preset=\u00bbdefault\u00bb header_font=\u00bb&#8211;et_global_heading_font|600|||||||\u00bb header_text_color=\u00bbgcid-9f00bd79-2ab0-46cb-811b-12b8468679be\u00bb header_font_size=\u00bb40px\u00bb header_2_font=\u00bb&#8211;et_global_heading_font|600|||||||\u00bb header_2_text_align=\u00bbleft\u00bb header_2_text_color=\u00bbgcid-9f00bd79-2ab0-46cb-811b-12b8468679be\u00bb header_2_font_size=\u00bb40px\u00bb header_3_font=\u00bb&#8211;et_global_heading_font|600|||||||\u00bb header_3_text_align=\u00bbright\u00bb header_3_text_color=\u00bbgcid-9f00bd79-2ab0-46cb-811b-12b8468679be\u00bb header_3_font_size=\u00bb50px\u00bb header_4_font=\u00bb&#8211;et_global_heading_font|600|||||||\u00bb header_4_text_color=\u00bbgcid-9f00bd79-2ab0-46cb-811b-12b8468679be\u00bb header_4_font_size=\u00bb40px\u00bb header_5_font=\u00bb&#8211;et_global_heading_font|600|||||||\u00bb header_5_text_color=\u00bbgcid-9f00bd79-2ab0-46cb-811b-12b8468679be\u00bb header_5_font_size=\u00bb40px\u00bb header_6_font=\u00bb&#8211;et_global_heading_font|600|||||||\u00bb header_6_text_color=\u00bbgcid-9f00bd79-2ab0-46cb-811b-12b8468679be\u00bb header_6_font_size=\u00bb40px\u00bb custom_margin=\u00bb||15px||false|false\u00bb hover_enabled=\u00bb0&#8243; header_2_font_size_tablet=\u00bb40px\u00bb header_2_font_size_phone=\u00bb30px\u00bb header_2_font_size_last_edited=\u00bbon|phone\u00bb header_3_text_align_tablet=\u00bbcenter\u00bb header_3_text_align_phone=\u00bbcenter\u00bb header_3_text_align_last_edited=\u00bbon|tablet\u00bb header_3_font_size_tablet=\u00bb40px\u00bb header_3_font_size_phone=\u00bb30px\u00bb header_3_font_size_last_edited=\u00bbon|tablet\u00bb locked=\u00bboff\u00bb global_colors_info=\u00bb{%22gcid-9f00bd79-2ab0-46cb-811b-12b8468679be%22:%91%22header_text_color%22,%22header_3_text_color%22,%22header_2_text_color%22%93,%22gcid-a9d8e14e-2f78-408a-a83c-506939196b52%22:%91%22body_text_color__hover%22%93}\u00bb sticky_enabled=\u00bb0&#8243;]<\/p>\n<h2>cubiertas de pvc para cenadores y p\u00e9rgolas<\/h2>\n<p>[\/et_pb_text][\/et_pb_column][et_pb_column _builder_version=\u00bb4.27.4&#8243; _module_preset=\u00bbdefault\u00bb type=\u00bb1_4&#8243;][et_pb_image src=\u00bbhttps:\/\/www.rambertigroup.com\/wp-content\/uploads\/2025\/08\/WhatsApp-Image-2024-09-03-at-09.57.32-1.jpg\u00bb _builder_version=\u00bb4.27.4&#8243; _module_preset=\u00bbdefault\u00bb title_text=\u00bbWhatsApp Image 2024-09-03 at 09.57.32 (1)\u00bb hover_enabled=\u00bb0&#8243; sticky_enabled=\u00bb0&#8243;][\/et_pb_image][\/et_pb_column][et_pb_column _builder_version=\u00bb4.27.4&#8243; _module_preset=\u00bbdefault\u00bb type=\u00bb1_4&#8243;][et_pb_image src=\u00bbhttps:\/\/www.rambertigroup.com\/wp-content\/uploads\/2025\/08\/WhatsApp-Image-2024-09-03-at-09.56.09.jpeg\u00bb _builder_version=\u00bb4.27.4&#8243; _module_preset=\u00bbdefault\u00bb title_text=\u00bbWhatsApp Image 2024-09-03 at 09.56.09&#8243; hover_enabled=\u00bb0&#8243; sticky_enabled=\u00bb0&#8243;][\/et_pb_image][\/et_pb_column][et_pb_column _builder_version=\u00bb4.27.4&#8243; _module_preset=\u00bbdefault\u00bb type=\u00bb1_4&#8243;][et_pb_image src=\u00bbhttps:\/\/www.rambertigroup.com\/wp-content\/uploads\/2025\/08\/WhatsApp-Image-2024-09-03-at-09.57.32.jpg\u00bb _builder_version=\u00bb4.27.4&#8243; _module_preset=\u00bbdefault\u00bb title_text=\u00bbWhatsApp Image 2024-09-03 at 09.57.32&#8243; hover_enabled=\u00bb0&#8243; sticky_enabled=\u00bb0&#8243;][\/et_pb_image][\/et_pb_column][\/et_pb_row][\/et_pb_section]<\/p>\n","protected":false},"excerpt":{"rendered":"<p>lonas y cubiertas de pvcCon las soluciones de loner\u00eda personalizada de Ramberti Group, podr\u00e1s garantizar que tus espacios exteriores tengan el nivel de protecci\u00f3n adecuado sin sacrificar el estilo y la eficiencia.Fabricamos paredes con ventanas, lonas y cubiertas de PVC ideales para gazebos, terrazas y \u00e1reas exteriores de hoteles, restaurantes y balnearios.Cada producto es elaborado en nuestro laboratorio con materiales de alta calidad y cuidado artesanal que garantiza durabilidad y resistencia.Las cubiertas no s\u00f3lo protegen del viento y de las intemperies, sino que tambi\u00e9n crean nuevos espacios elegantes y funcionales.Olv\u00eddese de las soluciones est\u00e1ndares: aqu\u00ed la calidad y el dise\u00f1o est\u00e1n siempre hechos a medida.cortinas laterales con ojalescubiertas de pvc para cenadores y p\u00e9rgolas<\/p>\n","protected":false},"author":1,"featured_media":0,"parent":0,"menu_order":0,"comment_status":"closed","ping_status":"closed","template":"","meta":{"_acf_changed":false,"_et_pb_use_builder":"on","_et_pb_old_content":"","_et_gb_content_width":"","footnotes":""},"class_list":["post-250848","page","type-page","status-publish","hentry"],"acf":[],"_links":{"self":[{"href":"https:\/\/www.rambertigroup.com\/es\/wp-json\/wp\/v2\/pages\/250848","targetHints":{"allow":["GET"]}}],"collection":[{"href":"https:\/\/www.rambertigroup.com\/es\/wp-json\/wp\/v2\/pages"}],"about":[{"href":"https:\/\/www.rambertigroup.com\/es\/wp-json\/wp\/v2\/types\/page"}],"author":[{"embeddable":true,"href":"https:\/\/www.rambertigroup.com\/es\/wp-json\/wp\/v2\/users\/1"}],"replies":[{"embeddable":true,"href":"https:\/\/www.rambertigroup.com\/es\/wp-json\/wp\/v2\/comments?post=250848"}],"version-history":[{"count":2,"href":"https:\/\/www.rambertigroup.com\/es\/wp-json\/wp\/v2\/pages\/250848\/revisions"}],"predecessor-version":[{"id":250850,"href":"https:\/\/www.rambertigroup.com\/es\/wp-json\/wp\/v2\/pages\/250848\/revisions\/250850"}],"wp:attachment":[{"href":"https:\/\/www.rambertigroup.com\/es\/wp-json\/wp\/v2\/media?parent=250848"}],"curies":[{"name":"wp","href":"https:\/\/api.w.org\/{rel}","templated":true}]}}